{"id":115,"date":"2016-04-27T16:54:37","date_gmt":"2016-04-27T14:54:37","guid":{"rendered":"http:\/\/www.hotelgalleria.it\/it\/venice\/"},"modified":"2024-05-14T10:33:53","modified_gmt":"2024-05-14T08:33:53","slug":"visitare-venezia","status":"publish","type":"page","link":"https:\/\/www.hotelgalleria.it\/it\/visitare-venezia\/","title":{"rendered":"Venezia"},"content":{"rendered":"<div class=\"container\" style=\"width:1220px\">\n[spb_text_block pb_margin_bottom=&#8221;no&#8221; pb_border_bottom=&#8221;no&#8221; width=&#8221;2\/3&#8243; el_position=&#8221;first&#8221;]\n<h2>Visitare Venezia partendo dall&#8217;Hotel Galleria<\/h2>\n<p>Venezia \u00e8 una citt\u00e0 ricca di bellezze da ammirare, di musei da visitare, di luoghi storici da vivere per l&#8217;emozione che trasmettono al visitatore. \u00c8 una citt\u00e0 dove solo camminare per le calli, passeggiare per le fondamenta, da delle suggestioni impareggiabili. Sarebbe quindi difficile provare a fornire una guida per il turista che trover\u00e0, secondo i suoi desideri, di che scegliere.<\/p>\n<p>Abbiamo pensato, tuttavia, di fornire al nostro ospite una serie breve di consigli per visitare la citt\u00e0, prendendo come punto di partenza il nostro albergo che pu\u00f2, a buon diritto, considerarsi nel centro di Venezia.<\/p>\n<p><img loading=\"lazy\" decoding=\"async\" class=\"aligncenter wp-image-121\" src=\"http:\/\/www.hotelgalleria.it\/wp-content\/uploads\/2016\/04\/Mappa-300x176.png\" alt=\"Mappa\" width=\"900\" height=\"528\" srcset=\"https:\/\/www.hotelgalleria.it\/wp-content\/uploads\/2016\/04\/Mappa-300x176.png 300w, https:\/\/www.hotelgalleria.it\/wp-content\/uploads\/2016\/04\/Mappa-768x450.png 768w, https:\/\/www.hotelgalleria.it\/wp-content\/uploads\/2016\/04\/Mappa-1024x601.png 1024w, https:\/\/www.hotelgalleria.it\/wp-content\/uploads\/2016\/04\/Mappa-1280x751.png 1280w, https:\/\/www.hotelgalleria.it\/wp-content\/uploads\/2016\/04\/Mappa.png 2000w\" sizes=\"(max-width: 900px) 100vw, 900px\" \/><\/p>\n[\/spb_text_block] [boxed_content type=&#8221;coloured&#8221; custom_bg_colour=&#8221;#424242&#8243; pb_margin_bottom=&#8221;no&#8221; width=&#8221;1\/3&#8243; el_position=&#8221;last&#8221;]\n<p><script type=\"text\/javascript\" src=\"https:\/\/secure.bookingevolution.com\/be2secure\/widgets\/be2\/tsmbe2.js\"><span style=\"display: inline-block; width: 0px; overflow: hidden; line-height: 0;\" data-mce-type=\"bookmark\" class=\"mce_SELRES_start\">\ufeff<\/span><\/script><\/p>\n<div id=\"bookingevolution-tsmbe\" data-css2=\"http:\/\/\/www.hotelgalleria.it\/wp-content\/themes\/neighborhood-child\/style.css\" data-hotel=\"galleria\" data-lang=\"it\" data-promocode=\"1\" data-mode=\"compact\"><\/div>\n<div style=\"text-align: center;\">10% di sconto sulla prenotazione diretta!<\/div>\n[\/boxed_content] [blank_spacer height=&#8221;30px&#8221; width=&#8221;1\/1&#8243; el_position=&#8221;first last&#8221;] [boxed_content title=&#8221;ACCADEMIA&#8221; type=&#8221;coloured&#8221; custom_bg_colour=&#8221;#DADADA&#8221; custom_text_colour=&#8221;#020000&#8243; pb_margin_bottom=&#8221;no&#8221; width=&#8221;1\/3&#8243; el_position=&#8221;first&#8221;]\n<p><img loading=\"lazy\" decoding=\"async\" class=\"aligncenter wp-image-420 size-medium\" src=\"http:\/\/www.hotelgalleria.it\/wp-content\/uploads\/2016\/04\/Ponte-Accademia-300x199.jpg\" alt=\"Ponte Accademia\" width=\"300\" height=\"199\" srcset=\"https:\/\/www.hotelgalleria.it\/wp-content\/uploads\/2016\/04\/Ponte-Accademia-300x199.jpg 300w, https:\/\/www.hotelgalleria.it\/wp-content\/uploads\/2016\/04\/Ponte-Accademia-768x509.jpg 768w, https:\/\/www.hotelgalleria.it\/wp-content\/uploads\/2016\/04\/Ponte-Accademia-1024x678.jpg 1024w, https:\/\/www.hotelgalleria.it\/wp-content\/uploads\/2016\/04\/Ponte-Accademia-1280x848.jpg 1280w\" sizes=\"(max-width: 300px) 100vw, 300px\" \/><\/p>\n<p>Uscendo dal nostro albergo incontrerete immediatamente la splendida pinacoteca dell&#8217;Accademia, mentre se amate maggiormente l&#8217;arte moderna a cinque minuti a piedi avrete la possibilit\u00e0 di visitare il Guggenheim Museum.<\/p>\n<p>Proseguendo verso la punta estrema di questa parte di Venezia, gi\u00e0 scalo doganale ai tempi della Serenissima, ammirerete la chiesa della Salute, voto dei veneziani per scongiurare la peste.<br \/>\nSubito dopo passeggiate nella fondamenta delle Zattere che si apre sul canale della Giudecca, passaggio antico e nuovo di navi da trasporto e passeggeri.<\/p>\n<p>Attraversate il canale con la tipica &#8220;palanca&#8221;, navetta tra le due rive del canale, e girate dentro l&#8217;isola della Giudecca, per molti aspetti uno degli ultimi luoghi &#8220;incontaminati&#8221; di Venezia. Magari con una sosta all&#8217;Harry&#8217;s Dolci.<\/p>\n<p>&nbsp;<\/p>\n[\/boxed_content] [boxed_content title=&#8221;SAN MARCO&#8221; type=&#8221;coloured&#8221; custom_bg_colour=&#8221;#DADADA&#8221; custom_text_colour=&#8221;#020000&#8243; pb_margin_bottom=&#8221;no&#8221; width=&#8221;1\/3&#8243;]\n<p><img loading=\"lazy\" decoding=\"async\" class=\"aligncenter wp-image-421 size-medium\" src=\"http:\/\/www.hotelgalleria.it\/wp-content\/uploads\/2016\/04\/Piazza-San-Marco-300x199.jpg\" alt=\"Piazza San Marco\" width=\"300\" height=\"199\" srcset=\"https:\/\/www.hotelgalleria.it\/wp-content\/uploads\/2016\/04\/Piazza-San-Marco-300x199.jpg 300w, https:\/\/www.hotelgalleria.it\/wp-content\/uploads\/2016\/04\/Piazza-San-Marco-768x510.jpg 768w, https:\/\/www.hotelgalleria.it\/wp-content\/uploads\/2016\/04\/Piazza-San-Marco-1024x680.jpg 1024w, https:\/\/www.hotelgalleria.it\/wp-content\/uploads\/2016\/04\/Piazza-San-Marco-1280x850.jpg 1280w\" sizes=\"(max-width: 300px) 100vw, 300px\" \/><\/p>\n<p>Salotto elegante della citt\u00e0, a cinque minuti a piedi dal nostro albergo, piazza S. Marco vi stupir\u00e0 per la sua bellezza. Ai lati della piazza i caff\u00e8 storici della Venezia storica e moderna, in fronte la splendida basilica con i suoi mosaici bizantini.<\/p>\n<p>Tutto concentrato in un solo sguardo la Torre dell&#8217;Orologio e i cento e pi\u00f9 metri del Campanile. Passeggiando poi verso il molo &#8220;sorvegliato&#8221;dalle due alte colonne del Todaro e di S. Giorgio, il Palazzo Ducale, residenza dei dogi e cuore amministrativo della Venezia del passato.<\/p>\n<p>Andando verso il Ponte dei Sospiri, che da luogo per il trasferimento dei condannati alle prigioni dei Piombi si \u00e8 trasformato in romantico arco sotto cui passare magari in gondola, potrete ammirare l&#8217;Isola di S. Giorgio e il suo alto campanile.<\/p>\n<p>&nbsp;<\/p>\n[\/boxed_content] [boxed_content title=&#8221;RIALTO&#8221; type=&#8221;coloured&#8221; custom_bg_colour=&#8221;#DADADA&#8221; custom_text_colour=&#8221;#020000&#8243; pb_margin_bottom=&#8221;no&#8221; width=&#8221;1\/3&#8243; el_position=&#8221;last&#8221;]\n<p><img loading=\"lazy\" decoding=\"async\" class=\"aligncenter wp-image-422 size-medium\" src=\"http:\/\/www.hotelgalleria.it\/wp-content\/uploads\/2016\/04\/Ponte-Rialto-300x199.jpg\" alt=\"Ponte Rialto\" width=\"300\" height=\"199\" srcset=\"https:\/\/www.hotelgalleria.it\/wp-content\/uploads\/2016\/04\/Ponte-Rialto-300x199.jpg 300w, https:\/\/www.hotelgalleria.it\/wp-content\/uploads\/2016\/04\/Ponte-Rialto-768x509.jpg 768w, https:\/\/www.hotelgalleria.it\/wp-content\/uploads\/2016\/04\/Ponte-Rialto-1024x678.jpg 1024w, https:\/\/www.hotelgalleria.it\/wp-content\/uploads\/2016\/04\/Ponte-Rialto.jpg 1200w\" sizes=\"(max-width: 300px) 100vw, 300px\" \/>Immersi nella parte pi\u00f9 antica di Venezia, ammirerete il ponte forse pi\u00f9 famoso del mondo. Da qui potrete proseguire attraverso il vero centro economico della citt\u00e0, passeggiando davanti al Teatro Goldoni o campo S. Maria Formosa per arrivare in fine in piazza S. Marco.<br \/>\nProseguendo invece in direzione della stazione, attraverserete la zona della Strada Nuova, una delle via &#8220;calpestabili&#8221; pi\u00f9 larghe di tutta la citt\u00e0. Virando leggermente dal cammino principale arriverete, dopo aver ammirato la chiesa dei Miracoli, in campo S. Giovanni e Paolo e proseguendo vi inoltrerete in una delle zone meno visitate, ma sicuramente da vedere per conoscere la &#8220;Venezia dei veneziani&#8221;.<br \/>\nSe preferite passeggiare per la citt\u00e0, vi consigliamo di seguire la strada che da Rialto porta alla chiesa gotica dei Frari, attraverso Ruga Rialto e S. Polo, e arrivare alla Scuola Grande di S. Rocco e a quella di S. Giovanni Evangelista.<\/p>\n[\/boxed_content] [blank_spacer height=&#8221;30px&#8221; width=&#8221;1\/1&#8243; el_position=&#8221;first last&#8221;]\n<\/p><\/div>\n","protected":false},"excerpt":{"rendered":"<p>[spb_text_block pb_margin_bottom=&#8221;no&#8221; pb_border_bottom=&#8221;no&#8221; width=&#8221;2\/3&#8243; el_position=&#8221;first&#8221;] Visitare Venezia partendo dall&#8217;Hotel Galleria Venezia \u00e8 una citt\u00e0 ricca di bellezze da ammirare, di musei da visitare, di luoghi storici da vivere per l&#8217;emozione che trasmettono al visitatore. \u00c8 una citt\u00e0 dove solo camminare per le calli, passeggiare per le fondamenta, da delle suggestioni impareggiabili. Sarebbe quindi difficile provare a fornire una guida per [&hellip;]<\/p>\n","protected":false},"author":1,"featured_media":0,"parent":0,"menu_order":0,"comment_status":"closed","ping_status":"closed","template":"","meta":{"footnotes":""},"yoast_head":"<!-- This site is optimized with the Yoast SEO plugin v22.4 - https:\/\/yoast.com\/wordpress\/plugins\/seo\/ -->\n<title>Visitare Venezia &gt; Hotel Galleria a Venezia<\/title>\n<meta name=\"description\" content=\"Visitare Venezia a partire dall&#039;Hotel Galleria, situato nel centro della citt\u00e0 storica. Tutte le bellezze passeggiando attraverso la citt\u00e0.\" \/>\n<meta name=\"robots\" content=\"index, follow, max-snippet:-1, max-image-preview:large, max-video-preview:-1\" \/>\n<link rel=\"canonical\" href=\"https:\/\/www.hotelgalleria.it\/it\/visitare-venezia\/\" \/>\n<meta property=\"og:locale\" content=\"it_IT\" \/>\n<meta property=\"og:type\" content=\"article\" \/>\n<meta property=\"og:title\" content=\"Visitare Venezia &gt; Hotel Galleria a Venezia\" \/>\n<meta property=\"og:description\" content=\"Visitare Venezia a partire dall&#039;Hotel Galleria, situato nel centro della citt\u00e0 storica. Tutte le bellezze passeggiando attraverso la citt\u00e0.\" \/>\n<meta property=\"og:url\" content=\"https:\/\/www.hotelgalleria.it\/it\/visitare-venezia\/\" \/>\n<meta property=\"og:site_name\" content=\"Hotel Galleria\" \/>\n<meta property=\"article:publisher\" content=\"https:\/\/www.facebook.com\/HotelGalleriaVenice\" \/>\n<meta property=\"article:modified_time\" content=\"2024-05-14T08:33:53+00:00\" \/>\n<meta property=\"og:image\" content=\"http:\/\/www.hotelgalleria.it\/wp-content\/uploads\/2016\/04\/Mappa-300x176.png\" \/>\n<meta name=\"twitter:card\" content=\"summary_large_image\" \/>\n<meta name=\"twitter:label1\" content=\"Tempo di lettura stimato\" \/>\n\t<meta name=\"twitter:data1\" content=\"3 minuti\" \/>\n<script type=\"application\/ld+json\" class=\"yoast-schema-graph\">{\"@context\":\"https:\/\/schema.org\",\"@graph\":[{\"@type\":\"WebPage\",\"@id\":\"https:\/\/www.hotelgalleria.it\/it\/visitare-venezia\/\",\"url\":\"https:\/\/www.hotelgalleria.it\/it\/visitare-venezia\/\",\"name\":\"Visitare Venezia > Hotel Galleria a Venezia\",\"isPartOf\":{\"@id\":\"https:\/\/www.hotelgalleria.it\/#website\"},\"primaryImageOfPage\":{\"@id\":\"https:\/\/www.hotelgalleria.it\/it\/visitare-venezia\/#primaryimage\"},\"image\":{\"@id\":\"https:\/\/www.hotelgalleria.it\/it\/visitare-venezia\/#primaryimage\"},\"thumbnailUrl\":\"http:\/\/www.hotelgalleria.it\/wp-content\/uploads\/2016\/04\/Mappa-300x176.png\",\"datePublished\":\"2016-04-27T14:54:37+00:00\",\"dateModified\":\"2024-05-14T08:33:53+00:00\",\"description\":\"Visitare Venezia a partire dall'Hotel Galleria, situato nel centro della citt\u00e0 storica. Tutte le bellezze passeggiando attraverso la citt\u00e0.\",\"breadcrumb\":{\"@id\":\"https:\/\/www.hotelgalleria.it\/it\/visitare-venezia\/#breadcrumb\"},\"inLanguage\":\"it-IT\",\"potentialAction\":[{\"@type\":\"ReadAction\",\"target\":[\"https:\/\/www.hotelgalleria.it\/it\/visitare-venezia\/\"]}]},{\"@type\":\"ImageObject\",\"inLanguage\":\"it-IT\",\"@id\":\"https:\/\/www.hotelgalleria.it\/it\/visitare-venezia\/#primaryimage\",\"url\":\"http:\/\/www.hotelgalleria.it\/wp-content\/uploads\/2016\/04\/Mappa-300x176.png\",\"contentUrl\":\"http:\/\/www.hotelgalleria.it\/wp-content\/uploads\/2016\/04\/Mappa-300x176.png\"},{\"@type\":\"BreadcrumbList\",\"@id\":\"https:\/\/www.hotelgalleria.it\/it\/visitare-venezia\/#breadcrumb\",\"itemListElement\":[{\"@type\":\"ListItem\",\"position\":1,\"name\":\"Home\",\"item\":\"https:\/\/www.hotelgalleria.it\/it\/\"},{\"@type\":\"ListItem\",\"position\":2,\"name\":\"Venezia\"}]},{\"@type\":\"WebSite\",\"@id\":\"https:\/\/www.hotelgalleria.it\/#website\",\"url\":\"https:\/\/www.hotelgalleria.it\/\",\"name\":\"Hotel Galleria\",\"description\":\"\",\"publisher\":{\"@id\":\"https:\/\/www.hotelgalleria.it\/#organization\"},\"potentialAction\":[{\"@type\":\"SearchAction\",\"target\":{\"@type\":\"EntryPoint\",\"urlTemplate\":\"https:\/\/www.hotelgalleria.it\/?s={search_term_string}\"},\"query-input\":\"required name=search_term_string\"}],\"inLanguage\":\"it-IT\"},{\"@type\":\"Organization\",\"@id\":\"https:\/\/www.hotelgalleria.it\/#organization\",\"name\":\"Hotel Galleria\",\"url\":\"https:\/\/www.hotelgalleria.it\/\",\"logo\":{\"@type\":\"ImageObject\",\"inLanguage\":\"it-IT\",\"@id\":\"https:\/\/www.hotelgalleria.it\/#\/schema\/logo\/image\/\",\"url\":\"https:\/\/www.hotelgalleria.it\/wp-content\/uploads\/2016\/04\/Logo.jpg\",\"contentUrl\":\"https:\/\/www.hotelgalleria.it\/wp-content\/uploads\/2016\/04\/Logo.jpg\",\"width\":94,\"height\":95,\"caption\":\"Hotel Galleria\"},\"image\":{\"@id\":\"https:\/\/www.hotelgalleria.it\/#\/schema\/logo\/image\/\"},\"sameAs\":[\"https:\/\/www.facebook.com\/HotelGalleriaVenice\",\"https:\/\/www.instagram.com\/hotelgalleriavenice\/\"]}]}<\/script>\n<!-- \/ Yoast SEO plugin. -->","yoast_head_json":{"title":"Visitare Venezia > Hotel Galleria a Venezia","description":"Visitare Venezia a partire dall'Hotel Galleria, situato nel centro della citt\u00e0 storica. Tutte le bellezze passeggiando attraverso la citt\u00e0.","robots":{"index":"index","follow":"follow","max-snippet":"max-snippet:-1","max-image-preview":"max-image-preview:large","max-video-preview":"max-video-preview:-1"},"canonical":"https:\/\/www.hotelgalleria.it\/it\/visitare-venezia\/","og_locale":"it_IT","og_type":"article","og_title":"Visitare Venezia > Hotel Galleria a Venezia","og_description":"Visitare Venezia a partire dall'Hotel Galleria, situato nel centro della citt\u00e0 storica. Tutte le bellezze passeggiando attraverso la citt\u00e0.","og_url":"https:\/\/www.hotelgalleria.it\/it\/visitare-venezia\/","og_site_name":"Hotel Galleria","article_publisher":"https:\/\/www.facebook.com\/HotelGalleriaVenice","article_modified_time":"2024-05-14T08:33:53+00:00","og_image":[{"url":"http:\/\/www.hotelgalleria.it\/wp-content\/uploads\/2016\/04\/Mappa-300x176.png"}],"twitter_card":"summary_large_image","twitter_misc":{"Tempo di lettura stimato":"3 minuti"},"schema":{"@context":"https:\/\/schema.org","@graph":[{"@type":"WebPage","@id":"https:\/\/www.hotelgalleria.it\/it\/visitare-venezia\/","url":"https:\/\/www.hotelgalleria.it\/it\/visitare-venezia\/","name":"Visitare Venezia > Hotel Galleria a Venezia","isPartOf":{"@id":"https:\/\/www.hotelgalleria.it\/#website"},"primaryImageOfPage":{"@id":"https:\/\/www.hotelgalleria.it\/it\/visitare-venezia\/#primaryimage"},"image":{"@id":"https:\/\/www.hotelgalleria.it\/it\/visitare-venezia\/#primaryimage"},"thumbnailUrl":"http:\/\/www.hotelgalleria.it\/wp-content\/uploads\/2016\/04\/Mappa-300x176.png","datePublished":"2016-04-27T14:54:37+00:00","dateModified":"2024-05-14T08:33:53+00:00","description":"Visitare Venezia a partire dall'Hotel Galleria, situato nel centro della citt\u00e0 storica. Tutte le bellezze passeggiando attraverso la citt\u00e0.","breadcrumb":{"@id":"https:\/\/www.hotelgalleria.it\/it\/visitare-venezia\/#breadcrumb"},"inLanguage":"it-IT","potentialAction":[{"@type":"ReadAction","target":["https:\/\/www.hotelgalleria.it\/it\/visitare-venezia\/"]}]},{"@type":"ImageObject","inLanguage":"it-IT","@id":"https:\/\/www.hotelgalleria.it\/it\/visitare-venezia\/#primaryimage","url":"http:\/\/www.hotelgalleria.it\/wp-content\/uploads\/2016\/04\/Mappa-300x176.png","contentUrl":"http:\/\/www.hotelgalleria.it\/wp-content\/uploads\/2016\/04\/Mappa-300x176.png"},{"@type":"BreadcrumbList","@id":"https:\/\/www.hotelgalleria.it\/it\/visitare-venezia\/#breadcrumb","itemListElement":[{"@type":"ListItem","position":1,"name":"Home","item":"https:\/\/www.hotelgalleria.it\/it\/"},{"@type":"ListItem","position":2,"name":"Venezia"}]},{"@type":"WebSite","@id":"https:\/\/www.hotelgalleria.it\/#website","url":"https:\/\/www.hotelgalleria.it\/","name":"Hotel Galleria","description":"","publisher":{"@id":"https:\/\/www.hotelgalleria.it\/#organization"},"potentialAction":[{"@type":"SearchAction","target":{"@type":"EntryPoint","urlTemplate":"https:\/\/www.hotelgalleria.it\/?s={search_term_string}"},"query-input":"required name=search_term_string"}],"inLanguage":"it-IT"},{"@type":"Organization","@id":"https:\/\/www.hotelgalleria.it\/#organization","name":"Hotel Galleria","url":"https:\/\/www.hotelgalleria.it\/","logo":{"@type":"ImageObject","inLanguage":"it-IT","@id":"https:\/\/www.hotelgalleria.it\/#\/schema\/logo\/image\/","url":"https:\/\/www.hotelgalleria.it\/wp-content\/uploads\/2016\/04\/Logo.jpg","contentUrl":"https:\/\/www.hotelgalleria.it\/wp-content\/uploads\/2016\/04\/Logo.jpg","width":94,"height":95,"caption":"Hotel Galleria"},"image":{"@id":"https:\/\/www.hotelgalleria.it\/#\/schema\/logo\/image\/"},"sameAs":["https:\/\/www.facebook.com\/HotelGalleriaVenice","https:\/\/www.instagram.com\/hotelgalleriavenice\/"]}]}},"_links":{"self":[{"href":"https:\/\/www.hotelgalleria.it\/it\/wp-json\/wp\/v2\/pages\/115"}],"collection":[{"href":"https:\/\/www.hotelgalleria.it\/it\/wp-json\/wp\/v2\/pages"}],"about":[{"href":"https:\/\/www.hotelgalleria.it\/it\/wp-json\/wp\/v2\/types\/page"}],"author":[{"embeddable":true,"href":"https:\/\/www.hotelgalleria.it\/it\/wp-json\/wp\/v2\/users\/1"}],"replies":[{"embeddable":true,"href":"https:\/\/www.hotelgalleria.it\/it\/wp-json\/wp\/v2\/comments?post=115"}],"version-history":[{"count":10,"href":"https:\/\/www.hotelgalleria.it\/it\/wp-json\/wp\/v2\/pages\/115\/revisions"}],"predecessor-version":[{"id":1269,"href":"https:\/\/www.hotelgalleria.it\/it\/wp-json\/wp\/v2\/pages\/115\/revisions\/1269"}],"wp:attachment":[{"href":"https:\/\/www.hotelgalleria.it\/it\/wp-json\/wp\/v2\/media?parent=115"}],"curies":[{"name":"wp","href":"https:\/\/api.w.org\/{rel}","templated":true}]}}