{"id":90,"date":"2016-04-27T16:43:50","date_gmt":"2016-04-27T14:43:50","guid":{"rendered":"http:\/\/www.hotelgalleria.it\/fr\/privacy\/"},"modified":"2016-04-28T15:16:12","modified_gmt":"2016-04-28T13:16:12","slug":"privacy","status":"publish","type":"page","link":"https:\/\/www.hotelgalleria.it\/fr\/privacy\/","title":{"rendered":"Privacy"},"content":{"rendered":"<div id=\"bodycontainer\">\n<div id=\"corpo\">\n<div id=\"bodycontainer\">\n<div id=\"corpo\">\n<p>Aux termes de l\u2019art. 13 du d\u00e9cret-loi 196\/2003 (circulaire relative \u00e0 la protection des donn\u00e9es personnelles), le titulaire du traitement vous informe que:<\/p>\n<p>a) le traitement de vos donn\u00e9es personnelles sera effectu\u00e9 dans les conditions telles que vis\u00e9es ci-dessous:<\/p>\n<ol>\n<li>obligations contractuelles : fourniture de biens et de services aux h\u00f4tes;<\/li>\n<li>obligations l\u00e9gales : facturation, \u00e9critures et enregistrements comptables obligatoires, communication aux autorit\u00e9s qui le demandent;<\/li>\n<li>communication aux organismes bancaires et similaires, pour les activit\u00e9s de recouvrement de cr\u00e9dit et pour les autres activit\u00e9s li\u00e9s \u00e0 l&rsquo;ex\u00e9cution d&rsquo;obligations contractuelles;<\/li>\n<li>offre de services au cours du s\u00e9jour (service de secr\u00e9tariat, livraison de correspondance, r\u00e9servation de prestations ext\u00e9rieures) ou cons\u00e9cutives au s\u00e9jour (communication d&rsquo;offres sp\u00e9ciales, \u00e9v\u00e9nements ou similaires). Le traitement sera effectu\u00e9 par des syst\u00e8mes manuels et\/ou automatis\u00e9s permettant de m\u00e9moriser, g\u00e9rer et transmettre lesdites donn\u00e9es avec des logiques \u00e9troitement li\u00e9es aux finalit\u00e9s du traitement ; il se basera sur les donn\u00e9es en notre possession et respectera votre engagement \u00e0 nous communiquer rapidement toute modification ou mise \u00e0 jour.<\/li>\n<\/ol>\n<p>b) tout refus de votre part \u00e0 donner votre accord sur les points 1,2,3 du paragraphe a) entra\u00eenera:<\/p>\n<ol>\n<li>la rupture du rapport existant, ou bien l&rsquo;impossibilit\u00e9 d&rsquo;effectuer certaines op\u00e9rations, si ces m\u00eames donn\u00e9es sont n\u00e9cessaires \u00e0 l\u2019ex\u00e9cution du rapport ou de l\u2019op\u00e9ration;<\/li>\n<li>l\u2019impossibilit\u00e9 faite \u00e0 des tiers, susceptibles d&rsquo;utiliser ces donn\u00e9es ses donn\u00e9es, d&rsquo;ex\u00e9cuter certaines op\u00e9rations;<\/li>\n<li>la non communication des donn\u00e9es \u00e0 des tiers qui ex\u00e9cuteront des activit\u00e9s ult\u00e9rieures, qui ne sont pas li\u00e9es fonctionnellement \u00e0 l&rsquo;ex\u00e9cution du rapport.<\/li>\n<\/ol>\n<p>c) en dehors du personnel charg\u00e9 de leur traitement au sein de la soci\u00e9t\u00e9, vos donn\u00e9es pourront \u00eatre communiqu\u00e9es:<\/p>\n<ol>\n<li>aux structures h\u00f4teli\u00e8res qui vous accueillent;<\/li>\n<li>au Fisc (pour la partie administrative);<\/li>\n<li>aux organismes publics et priv\u00e9s, y compris suite \u00e0 des inspections ou des v\u00e9rifications;<\/li>\n<li>\u00e0 des tiers qui, aux termes de la loi, doivent avoir acc\u00e8s \u00e0 ces donn\u00e9es;<\/li>\n<li>\u00e0 des prestataires ext\u00e9rieurs fournissant des biens ou des services.<\/li>\n<\/ol>\n<p>d) \u00e0 tout moment, vous pourrez exercer vos droits \u00e0 l&rsquo;encontre du titulaire du traitement, aux termes de l&rsquo;article 7 du d\u00e9cret-loi 196\/2003.<\/p>\n<\/div>\n<\/div>\n<\/div>\n<p>&nbsp;<\/p>\n<\/div>\n","protected":false},"excerpt":{"rendered":"<p>Aux termes de l\u2019art. 13 du d\u00e9cret-loi 196\/2003 (circulaire relative \u00e0 la protection des donn\u00e9es personnelles), le titulaire du traitement vous informe que: a) le traitement de vos donn\u00e9es personnelles sera effectu\u00e9 dans les conditions telles que vis\u00e9es ci-dessous: obligations contractuelles : fourniture de biens et de services aux h\u00f4tes; obligations l\u00e9gales : facturation, \u00e9critures et enregistrements comptables obligatoires, communication [&hellip;]<\/p>\n","protected":false},"author":1,"featured_media":0,"parent":0,"menu_order":0,"comment_status":"closed","ping_status":"closed","template":"","meta":{"footnotes":""},"yoast_head":"<!-- This site is optimized with the Yoast SEO plugin v22.4 - https:\/\/yoast.com\/wordpress\/plugins\/seo\/ -->\n<title>Privacy &gt; H\u00f4tel Galleria \u00e0 Venise<\/title>\n<meta name=\"robots\" content=\"noindex, nofollow\" \/>\n<meta property=\"og:locale\" content=\"fr_FR\" \/>\n<meta property=\"og:type\" content=\"article\" \/>\n<meta property=\"og:title\" content=\"Privacy &gt; H\u00f4tel Galleria \u00e0 Venise\" \/>\n<meta property=\"og:description\" content=\"Aux termes de l\u2019art. 13 du d\u00e9cret-loi 196\/2003 (circulaire relative \u00e0 la protection des donn\u00e9es personnelles), le titulaire du traitement vous informe que: a) le traitement de vos donn\u00e9es personnelles sera effectu\u00e9 dans les conditions telles que vis\u00e9es ci-dessous: obligations contractuelles : fourniture de biens et de services aux h\u00f4tes; obligations l\u00e9gales : facturation, \u00e9critures et enregistrements comptables obligatoires, communication [&hellip;]\" \/>\n<meta property=\"og:url\" content=\"https:\/\/www.hotelgalleria.it\/fr\/privacy\/\" \/>\n<meta property=\"og:site_name\" content=\"Hotel Galleria\" \/>\n<meta property=\"article:publisher\" content=\"https:\/\/www.facebook.com\/HotelGalleriaVenice\" \/>\n<meta property=\"article:modified_time\" content=\"2016-04-28T13:16:12+00:00\" \/>\n<meta property=\"og:image\" content=\"https:\/\/www.hotelgalleria.it\/wp-content\/uploads\/2016\/04\/Logo.jpg\" \/>\n\t<meta property=\"og:image:width\" content=\"94\" \/>\n\t<meta property=\"og:image:height\" content=\"95\" \/>\n\t<meta property=\"og:image:type\" content=\"image\/jpeg\" \/>\n<meta name=\"twitter:card\" content=\"summary_large_image\" \/>\n<meta name=\"twitter:label1\" content=\"Dur\u00e9e de lecture estim\u00e9e\" \/>\n\t<meta name=\"twitter:data1\" content=\"2 minutes\" \/>\n<script type=\"application\/ld+json\" class=\"yoast-schema-graph\">{\"@context\":\"https:\/\/schema.org\",\"@graph\":[{\"@type\":\"WebPage\",\"@id\":\"https:\/\/www.hotelgalleria.it\/fr\/privacy\/\",\"url\":\"https:\/\/www.hotelgalleria.it\/fr\/privacy\/\",\"name\":\"Privacy > H\u00f4tel Galleria \u00e0 Venise\",\"isPartOf\":{\"@id\":\"https:\/\/www.hotelgalleria.it\/#website\"},\"datePublished\":\"2016-04-27T14:43:50+00:00\",\"dateModified\":\"2016-04-28T13:16:12+00:00\",\"breadcrumb\":{\"@id\":\"https:\/\/www.hotelgalleria.it\/fr\/privacy\/#breadcrumb\"},\"inLanguage\":\"fr-FR\",\"potentialAction\":[{\"@type\":\"ReadAction\",\"target\":[\"https:\/\/www.hotelgalleria.it\/fr\/privacy\/\"]}]},{\"@type\":\"BreadcrumbList\",\"@id\":\"https:\/\/www.hotelgalleria.it\/fr\/privacy\/#breadcrumb\",\"itemListElement\":[{\"@type\":\"ListItem\",\"position\":1,\"name\":\"Home\",\"item\":\"https:\/\/www.hotelgalleria.it\/fr\/\"},{\"@type\":\"ListItem\",\"position\":2,\"name\":\"Privacy\"}]},{\"@type\":\"WebSite\",\"@id\":\"https:\/\/www.hotelgalleria.it\/#website\",\"url\":\"https:\/\/www.hotelgalleria.it\/\",\"name\":\"Hotel Galleria\",\"description\":\"\",\"publisher\":{\"@id\":\"https:\/\/www.hotelgalleria.it\/#organization\"},\"potentialAction\":[{\"@type\":\"SearchAction\",\"target\":{\"@type\":\"EntryPoint\",\"urlTemplate\":\"https:\/\/www.hotelgalleria.it\/?s={search_term_string}\"},\"query-input\":\"required name=search_term_string\"}],\"inLanguage\":\"fr-FR\"},{\"@type\":\"Organization\",\"@id\":\"https:\/\/www.hotelgalleria.it\/#organization\",\"name\":\"Hotel Galleria\",\"url\":\"https:\/\/www.hotelgalleria.it\/\",\"logo\":{\"@type\":\"ImageObject\",\"inLanguage\":\"fr-FR\",\"@id\":\"https:\/\/www.hotelgalleria.it\/#\/schema\/logo\/image\/\",\"url\":\"https:\/\/www.hotelgalleria.it\/wp-content\/uploads\/2016\/04\/Logo.jpg\",\"contentUrl\":\"https:\/\/www.hotelgalleria.it\/wp-content\/uploads\/2016\/04\/Logo.jpg\",\"width\":94,\"height\":95,\"caption\":\"Hotel Galleria\"},\"image\":{\"@id\":\"https:\/\/www.hotelgalleria.it\/#\/schema\/logo\/image\/\"},\"sameAs\":[\"https:\/\/www.facebook.com\/HotelGalleriaVenice\",\"https:\/\/www.instagram.com\/hotelgalleriavenice\/\"]}]}<\/script>\n<!-- \/ Yoast SEO plugin. -->","yoast_head_json":{"title":"Privacy > H\u00f4tel Galleria \u00e0 Venise","robots":{"index":"noindex","follow":"nofollow"},"og_locale":"fr_FR","og_type":"article","og_title":"Privacy > H\u00f4tel Galleria \u00e0 Venise","og_description":"Aux termes de l\u2019art. 13 du d\u00e9cret-loi 196\/2003 (circulaire relative \u00e0 la protection des donn\u00e9es personnelles), le titulaire du traitement vous informe que: a) le traitement de vos donn\u00e9es personnelles sera effectu\u00e9 dans les conditions telles que vis\u00e9es ci-dessous: obligations contractuelles : fourniture de biens et de services aux h\u00f4tes; obligations l\u00e9gales : facturation, \u00e9critures et enregistrements comptables obligatoires, communication [&hellip;]","og_url":"https:\/\/www.hotelgalleria.it\/fr\/privacy\/","og_site_name":"Hotel Galleria","article_publisher":"https:\/\/www.facebook.com\/HotelGalleriaVenice","article_modified_time":"2016-04-28T13:16:12+00:00","og_image":[{"width":94,"height":95,"url":"https:\/\/www.hotelgalleria.it\/wp-content\/uploads\/2016\/04\/Logo.jpg","type":"image\/jpeg"}],"twitter_card":"summary_large_image","twitter_misc":{"Dur\u00e9e de lecture estim\u00e9e":"2 minutes"},"schema":{"@context":"https:\/\/schema.org","@graph":[{"@type":"WebPage","@id":"https:\/\/www.hotelgalleria.it\/fr\/privacy\/","url":"https:\/\/www.hotelgalleria.it\/fr\/privacy\/","name":"Privacy > H\u00f4tel Galleria \u00e0 Venise","isPartOf":{"@id":"https:\/\/www.hotelgalleria.it\/#website"},"datePublished":"2016-04-27T14:43:50+00:00","dateModified":"2016-04-28T13:16:12+00:00","breadcrumb":{"@id":"https:\/\/www.hotelgalleria.it\/fr\/privacy\/#breadcrumb"},"inLanguage":"fr-FR","potentialAction":[{"@type":"ReadAction","target":["https:\/\/www.hotelgalleria.it\/fr\/privacy\/"]}]},{"@type":"BreadcrumbList","@id":"https:\/\/www.hotelgalleria.it\/fr\/privacy\/#breadcrumb","itemListElement":[{"@type":"ListItem","position":1,"name":"Home","item":"https:\/\/www.hotelgalleria.it\/fr\/"},{"@type":"ListItem","position":2,"name":"Privacy"}]},{"@type":"WebSite","@id":"https:\/\/www.hotelgalleria.it\/#website","url":"https:\/\/www.hotelgalleria.it\/","name":"Hotel Galleria","description":"","publisher":{"@id":"https:\/\/www.hotelgalleria.it\/#organization"},"potentialAction":[{"@type":"SearchAction","target":{"@type":"EntryPoint","urlTemplate":"https:\/\/www.hotelgalleria.it\/?s={search_term_string}"},"query-input":"required name=search_term_string"}],"inLanguage":"fr-FR"},{"@type":"Organization","@id":"https:\/\/www.hotelgalleria.it\/#organization","name":"Hotel Galleria","url":"https:\/\/www.hotelgalleria.it\/","logo":{"@type":"ImageObject","inLanguage":"fr-FR","@id":"https:\/\/www.hotelgalleria.it\/#\/schema\/logo\/image\/","url":"https:\/\/www.hotelgalleria.it\/wp-content\/uploads\/2016\/04\/Logo.jpg","contentUrl":"https:\/\/www.hotelgalleria.it\/wp-content\/uploads\/2016\/04\/Logo.jpg","width":94,"height":95,"caption":"Hotel Galleria"},"image":{"@id":"https:\/\/www.hotelgalleria.it\/#\/schema\/logo\/image\/"},"sameAs":["https:\/\/www.facebook.com\/HotelGalleriaVenice","https:\/\/www.instagram.com\/hotelgalleriavenice\/"]}]}},"_links":{"self":[{"href":"https:\/\/www.hotelgalleria.it\/fr\/wp-json\/wp\/v2\/pages\/90"}],"collection":[{"href":"https:\/\/www.hotelgalleria.it\/fr\/wp-json\/wp\/v2\/pages"}],"about":[{"href":"https:\/\/www.hotelgalleria.it\/fr\/wp-json\/wp\/v2\/types\/page"}],"author":[{"embeddable":true,"href":"https:\/\/www.hotelgalleria.it\/fr\/wp-json\/wp\/v2\/users\/1"}],"replies":[{"embeddable":true,"href":"https:\/\/www.hotelgalleria.it\/fr\/wp-json\/wp\/v2\/comments?post=90"}],"version-history":[{"count":4,"href":"https:\/\/www.hotelgalleria.it\/fr\/wp-json\/wp\/v2\/pages\/90\/revisions"}],"predecessor-version":[{"id":288,"href":"https:\/\/www.hotelgalleria.it\/fr\/wp-json\/wp\/v2\/pages\/90\/revisions\/288"}],"wp:attachment":[{"href":"https:\/\/www.hotelgalleria.it\/fr\/wp-json\/wp\/v2\/media?parent=90"}],"curies":[{"name":"wp","href":"https:\/\/api.w.org\/{rel}","templated":true}]}}