{"id":40,"date":"2016-04-27T15:43:23","date_gmt":"2016-04-27T13:43:23","guid":{"rendered":"http:\/\/www.hotelgalleria.it\/home\/?lang=fr"},"modified":"2024-04-05T15:34:10","modified_gmt":"2024-04-05T13:34:10","slug":"home","status":"publish","type":"page","link":"https:\/\/www.hotelgalleria.it\/fr\/","title":{"rendered":"Home"},"content":{"rendered":"[fullwidth_text alt_background=\u00a0\u00bbnone\u00a0\u00bb width=\u00a0\u00bb2\/3&Prime; el_position=\u00a0\u00bbfirst\u00a0\u00bb]\n<p>L&rsquo;H\u00f4tel Galleria est un petit h\u00f4tel charmant qui offre 9 chambres et qui jouit d\u2019une excellente position sur le Grand Canal, \u00e0 cot\u00e9 du pont de l\u2019Academie dans le quartier de Dorsoduro, l\u2019une des parties les plus suggestives de <a href=\"https:\/\/www.hotelgalleria.it\/fr\/visiter-venise\/\">Venise<\/a>. C\u2019est le quartier des mus\u00e9es: Les Galeries de l\u2019Academie, Le muse\u00e9 Peggy Guggenheim, C\u00e0 Rezzonico, Palazzo Grassi, Palazzo Franchetti et Punta de la Douane avec la collection de Fran\u00e7ois Pinault se trouvent \u00e0 deux pas.<\/p>\n<p>De nos chambres vous pourrez vous perdre en regardand la circulation des bateaux et des gondoles dans la plus belle rue du monde: le Grand Canal. Vous pourrez admirer les palais devant vous: Palazzo Franchetti ou bien Palazzo Barbaro o\u00f9 Henry James se mettait \u00e0 la f\u00e9netre pendant ses s\u00e9jours \u00e0 <a href=\"https:\/\/www.hotelgalleria.it\/fr\/visiter-venise\/\">Venise<\/a>.<\/p>\n[\/fullwidth_text] [boxed_content type=\u00a0\u00bbcoloured\u00a0\u00bb custom_bg_colour=\u00a0\u00bb#424242&Prime; pb_margin_bottom=\u00a0\u00bbno\u00a0\u00bb width=\u00a0\u00bb1\/3&Prime; el_position=\u00a0\u00bblast\u00a0\u00bb]\n<p><script type=\"text\/javascript\" src=\"https:\/\/secure.bookingevolution.com\/be2secure\/widgets\/be2\/tsmbe2.js\"><span style=\"display: inline-block; width: 0px; overflow: hidden; line-height: 0;\" data-mce-type=\"bookmark\" class=\"mce_SELRES_start\">\ufeff<\/span><\/script><\/p>\n<div id=\"bookingevolution-tsmbe\" data-css2=\"http:\/\/\/www.hotelgalleria.it\/wp-content\/themes\/neighborhood-child\/style.css\" data-hotel=\"galleria\" data-lang=\"fr\" data-promocode=\"1\" data-mode=\"compact\"><\/div>\n<div style=\"text-align: center;\">-10% sur les r\u00e9servations directes!<\/div>\n[\/boxed_content] [spb_row parallax_image_height=\u00a0\u00bbcontent-height\u00a0\u00bb parallax_image_movement=\u00a0\u00bbfixed\u00a0\u00bb parallax_image_speed=\u00a0\u00bb0.5&Prime; parallax_video_height=\u00a0\u00bbwindow-height\u00a0\u00bb parallax_video_overlay=\u00a0\u00bbnone\u00a0\u00bb row_overlay_opacity=\u00a0\u00bb0&Prime; vertical_center=\u00a0\u00bbtrue\u00a0\u00bb width=\u00a0\u00bb1\/1&Prime; el_position=\u00a0\u00bbfirst last\u00a0\u00bb] [fullwidth_text alt_background=\u00a0\u00bbnone\u00a0\u00bb width=\u00a0\u00bb1\/1&Prime; el_position=\u00a0\u00bbfirst last\u00a0\u00bb]\n<h2>L&rsquo;histoire de notre h\u00f4tel \u00e0 Venise sur le Grand Canal<\/h2>\n[\/fullwidth_text] [fullwidth_text alt_background=\u00a0\u00bbnone\u00a0\u00bb width=\u00a0\u00bb1\/3&Prime; el_position=\u00a0\u00bbfirst\u00a0\u00bb]\n<h2><img loading=\"lazy\" decoding=\"async\" class=\"wp-image-317 size-full alignleft\" title=\"Robert Browning, poete\" src=\"https:\/\/www.hotelgalleria.it\/wp-content\/uploads\/2016\/04\/Robert-Browning.jpg\" alt=\"Robert Browning\" width=\"191\" height=\"265\" \/><\/h2>\n<p>Notre histoire d\u2019hospitalit\u00e9 remonte \u00e0 l&rsquo;ann\u00e9e 1800 quand ces chambres appartenaient \u00e0 l\u2019H\u00f4tel Universo et, \u00e0 la meme fenetre de votre chambre en 1878, le grand po\u00e8te <a href=\"https:\/\/fr.wikipedia.org\/wiki\/Robert_Browning\" target=\"_blank\" rel=\"noopener noreferrer\">Robert Browining<\/a> \u00e9tait assis lors il s\u00e9journait \u00e0 <a href=\"https:\/\/www.hotelgalleria.it\/fr\/visiter-venise\/\">Venise<\/a> avec sa soeur.<br \/>\nChez nous vous pourrez respirer et jouir de l\u2019atmosph\u00e8re de l\u2019ancienne <a href=\"https:\/\/www.hotelgalleria.it\/fr\/visiter-venise\/\">Venise<\/a> et celle de nos jours, o\u00f9 on vive encore en suivant les lentes rythmes de la vie du pass\u00e9. Nous vous conseillerons o\u00f9 on peut d\u00e9guster un verre de bon vin et s\u2019asseoir \u00e0 observer la vie qui passe, nous vous sugg\u00e9rons o\u00f9 aller et vous reconteront les curiosit\u00e9s de la ville.<br \/>\nNous vous offrons amabilit\u00e9 et disponibilit\u00e9. Chez nous vous serez invit\u00e9s de v\u00e9nitiens chez une vraie maison v\u00e9nitienne!<\/p>\n[\/fullwidth_text] [spb_single_image image=\u00a0\u00bb368&Prime; image_size=\u00a0\u00bbfull\u00a0\u00bb frame=\u00a0\u00bbnoframe\u00a0\u00bb lightbox=\u00a0\u00bbno\u00a0\u00bb link_target=\u00a0\u00bb_self\u00a0\u00bb fullwidth=\u00a0\u00bbno\u00a0\u00bb width=\u00a0\u00bb2\/3&Prime; el_position=\u00a0\u00bblast\u00a0\u00bb][\/spb_single_image] [\/spb_row] [testimonial_slider title=\u00a0\u00bbTESTIMONIALS\u00a0\u00bb text_size=\u00a0\u00bblarge\u00a0\u00bb item_count=\u00a0\u00bb6&Prime; order=\u00a0\u00bbrand\u00a0\u00bb category=\u00a0\u00bbAll\u00a0\u00bb animation=\u00a0\u00bbfade\u00a0\u00bb autoplay=\u00a0\u00bbyes\u00a0\u00bb alt_background=\u00a0\u00bbalt-one\u00a0\u00bb width=\u00a0\u00bb1\/1&Prime; el_position=\u00a0\u00bbfirst last\u00a0\u00bb]\n","protected":false},"excerpt":{"rendered":"<p>[fullwidth_text alt_background=\u00a0\u00bbnone\u00a0\u00bb width=\u00a0\u00bb2\/3&Prime; el_position=\u00a0\u00bbfirst\u00a0\u00bb] L&rsquo;H\u00f4tel Galleria est un petit h\u00f4tel charmant qui offre 9 chambres et qui jouit d\u2019une excellente position sur le Grand Canal, \u00e0 cot\u00e9 du pont de l\u2019Academie dans le quartier de Dorsoduro, l\u2019une des parties les plus suggestives de Venise. C\u2019est le quartier des mus\u00e9es: Les Galeries de l\u2019Academie, Le muse\u00e9 Peggy Guggenheim, C\u00e0 Rezzonico, Palazzo [&hellip;]<\/p>\n","protected":false},"author":1,"featured_media":0,"parent":0,"menu_order":0,"comment_status":"closed","ping_status":"closed","template":"","meta":{"footnotes":""},"yoast_head":"<!-- This site is optimized with the Yoast SEO plugin v22.4 - https:\/\/yoast.com\/wordpress\/plugins\/seo\/ -->\n<title>H\u00f4tel \u00e0 Venise sur le Grand Canal &gt; H\u00f4tel Galleria<\/title>\n<meta name=\"description\" content=\"Visitez la ville de Venise d\u2019une excellente position. L&#039;h\u00f4tel \u00e0 Venise sur le Grand Canal \u00e0 cot\u00e9 du Pont de l\u2019Academie dans le quartier de Dorsoduro.\" \/>\n<meta name=\"robots\" content=\"index, follow, max-snippet:-1, max-image-preview:large, max-video-preview:-1\" \/>\n<link rel=\"canonical\" href=\"https:\/\/www.hotelgalleria.it\/fr\/\" \/>\n<meta property=\"og:locale\" content=\"fr_FR\" \/>\n<meta property=\"og:type\" content=\"article\" \/>\n<meta property=\"og:title\" content=\"H\u00f4tel \u00e0 Venise sur le Grand Canal &gt; H\u00f4tel Galleria\" \/>\n<meta property=\"og:description\" content=\"Visitez la ville de Venise d\u2019une excellente position. L&#039;h\u00f4tel \u00e0 Venise sur le Grand Canal \u00e0 cot\u00e9 du Pont de l\u2019Academie dans le quartier de Dorsoduro.\" \/>\n<meta property=\"og:url\" content=\"https:\/\/www.hotelgalleria.it\/fr\/\" \/>\n<meta property=\"og:site_name\" content=\"Hotel Galleria\" \/>\n<meta property=\"article:publisher\" content=\"https:\/\/www.facebook.com\/HotelGalleriaVenice\" \/>\n<meta property=\"article:modified_time\" content=\"2024-04-05T13:34:10+00:00\" \/>\n<meta property=\"og:image\" content=\"https:\/\/www.hotelgalleria.it\/wp-content\/uploads\/2016\/04\/Robert-Browning.jpg\" \/>\n<meta name=\"twitter:card\" content=\"summary_large_image\" \/>\n<meta name=\"twitter:label1\" content=\"Dur\u00e9e de lecture estim\u00e9e\" \/>\n\t<meta name=\"twitter:data1\" content=\"2 minutes\" \/>\n<script type=\"application\/ld+json\" class=\"yoast-schema-graph\">{\"@context\":\"https:\/\/schema.org\",\"@graph\":[{\"@type\":\"WebPage\",\"@id\":\"https:\/\/www.hotelgalleria.it\/fr\/\",\"url\":\"https:\/\/www.hotelgalleria.it\/fr\/\",\"name\":\"H\u00f4tel \u00e0 Venise sur le Grand Canal > H\u00f4tel Galleria\",\"isPartOf\":{\"@id\":\"https:\/\/www.hotelgalleria.it\/#website\"},\"primaryImageOfPage\":{\"@id\":\"https:\/\/www.hotelgalleria.it\/fr\/#primaryimage\"},\"image\":{\"@id\":\"https:\/\/www.hotelgalleria.it\/fr\/#primaryimage\"},\"thumbnailUrl\":\"https:\/\/www.hotelgalleria.it\/wp-content\/uploads\/2016\/04\/Robert-Browning.jpg\",\"datePublished\":\"2016-04-27T13:43:23+00:00\",\"dateModified\":\"2024-04-05T13:34:10+00:00\",\"description\":\"Visitez la ville de Venise d\u2019une excellente position. L'h\u00f4tel \u00e0 Venise sur le Grand Canal \u00e0 cot\u00e9 du Pont de l\u2019Academie dans le quartier de Dorsoduro.\",\"breadcrumb\":{\"@id\":\"https:\/\/www.hotelgalleria.it\/fr\/#breadcrumb\"},\"inLanguage\":\"fr-FR\",\"potentialAction\":[{\"@type\":\"ReadAction\",\"target\":[\"https:\/\/www.hotelgalleria.it\/fr\/\"]}]},{\"@type\":\"ImageObject\",\"inLanguage\":\"fr-FR\",\"@id\":\"https:\/\/www.hotelgalleria.it\/fr\/#primaryimage\",\"url\":\"https:\/\/www.hotelgalleria.it\/wp-content\/uploads\/2016\/04\/Robert-Browning.jpg\",\"contentUrl\":\"https:\/\/www.hotelgalleria.it\/wp-content\/uploads\/2016\/04\/Robert-Browning.jpg\"},{\"@type\":\"BreadcrumbList\",\"@id\":\"https:\/\/www.hotelgalleria.it\/fr\/#breadcrumb\",\"itemListElement\":[{\"@type\":\"ListItem\",\"position\":1,\"name\":\"Home\",\"item\":\"https:\/\/www.hotelgalleria.it\/fr\/\"},{\"@type\":\"ListItem\",\"position\":2,\"name\":\"Home\"}]},{\"@type\":\"WebSite\",\"@id\":\"https:\/\/www.hotelgalleria.it\/#website\",\"url\":\"https:\/\/www.hotelgalleria.it\/\",\"name\":\"Hotel Galleria\",\"description\":\"\",\"publisher\":{\"@id\":\"https:\/\/www.hotelgalleria.it\/#organization\"},\"potentialAction\":[{\"@type\":\"SearchAction\",\"target\":{\"@type\":\"EntryPoint\",\"urlTemplate\":\"https:\/\/www.hotelgalleria.it\/?s={search_term_string}\"},\"query-input\":\"required name=search_term_string\"}],\"inLanguage\":\"fr-FR\"},{\"@type\":\"Organization\",\"@id\":\"https:\/\/www.hotelgalleria.it\/#organization\",\"name\":\"Hotel Galleria\",\"url\":\"https:\/\/www.hotelgalleria.it\/\",\"logo\":{\"@type\":\"ImageObject\",\"inLanguage\":\"fr-FR\",\"@id\":\"https:\/\/www.hotelgalleria.it\/#\/schema\/logo\/image\/\",\"url\":\"https:\/\/www.hotelgalleria.it\/wp-content\/uploads\/2016\/04\/Logo.jpg\",\"contentUrl\":\"https:\/\/www.hotelgalleria.it\/wp-content\/uploads\/2016\/04\/Logo.jpg\",\"width\":94,\"height\":95,\"caption\":\"Hotel Galleria\"},\"image\":{\"@id\":\"https:\/\/www.hotelgalleria.it\/#\/schema\/logo\/image\/\"},\"sameAs\":[\"https:\/\/www.facebook.com\/HotelGalleriaVenice\",\"https:\/\/www.instagram.com\/hotelgalleriavenice\/\"]}]}<\/script>\n<!-- \/ Yoast SEO plugin. -->","yoast_head_json":{"title":"H\u00f4tel \u00e0 Venise sur le Grand Canal > H\u00f4tel Galleria","description":"Visitez la ville de Venise d\u2019une excellente position. L'h\u00f4tel \u00e0 Venise sur le Grand Canal \u00e0 cot\u00e9 du Pont de l\u2019Academie dans le quartier de Dorsoduro.","robots":{"index":"index","follow":"follow","max-snippet":"max-snippet:-1","max-image-preview":"max-image-preview:large","max-video-preview":"max-video-preview:-1"},"canonical":"https:\/\/www.hotelgalleria.it\/fr\/","og_locale":"fr_FR","og_type":"article","og_title":"H\u00f4tel \u00e0 Venise sur le Grand Canal > H\u00f4tel Galleria","og_description":"Visitez la ville de Venise d\u2019une excellente position. L'h\u00f4tel \u00e0 Venise sur le Grand Canal \u00e0 cot\u00e9 du Pont de l\u2019Academie dans le quartier de Dorsoduro.","og_url":"https:\/\/www.hotelgalleria.it\/fr\/","og_site_name":"Hotel Galleria","article_publisher":"https:\/\/www.facebook.com\/HotelGalleriaVenice","article_modified_time":"2024-04-05T13:34:10+00:00","og_image":[{"url":"https:\/\/www.hotelgalleria.it\/wp-content\/uploads\/2016\/04\/Robert-Browning.jpg"}],"twitter_card":"summary_large_image","twitter_misc":{"Dur\u00e9e de lecture estim\u00e9e":"2 minutes"},"schema":{"@context":"https:\/\/schema.org","@graph":[{"@type":"WebPage","@id":"https:\/\/www.hotelgalleria.it\/fr\/","url":"https:\/\/www.hotelgalleria.it\/fr\/","name":"H\u00f4tel \u00e0 Venise sur le Grand Canal > H\u00f4tel Galleria","isPartOf":{"@id":"https:\/\/www.hotelgalleria.it\/#website"},"primaryImageOfPage":{"@id":"https:\/\/www.hotelgalleria.it\/fr\/#primaryimage"},"image":{"@id":"https:\/\/www.hotelgalleria.it\/fr\/#primaryimage"},"thumbnailUrl":"https:\/\/www.hotelgalleria.it\/wp-content\/uploads\/2016\/04\/Robert-Browning.jpg","datePublished":"2016-04-27T13:43:23+00:00","dateModified":"2024-04-05T13:34:10+00:00","description":"Visitez la ville de Venise d\u2019une excellente position. L'h\u00f4tel \u00e0 Venise sur le Grand Canal \u00e0 cot\u00e9 du Pont de l\u2019Academie dans le quartier de Dorsoduro.","breadcrumb":{"@id":"https:\/\/www.hotelgalleria.it\/fr\/#breadcrumb"},"inLanguage":"fr-FR","potentialAction":[{"@type":"ReadAction","target":["https:\/\/www.hotelgalleria.it\/fr\/"]}]},{"@type":"ImageObject","inLanguage":"fr-FR","@id":"https:\/\/www.hotelgalleria.it\/fr\/#primaryimage","url":"https:\/\/www.hotelgalleria.it\/wp-content\/uploads\/2016\/04\/Robert-Browning.jpg","contentUrl":"https:\/\/www.hotelgalleria.it\/wp-content\/uploads\/2016\/04\/Robert-Browning.jpg"},{"@type":"BreadcrumbList","@id":"https:\/\/www.hotelgalleria.it\/fr\/#breadcrumb","itemListElement":[{"@type":"ListItem","position":1,"name":"Home","item":"https:\/\/www.hotelgalleria.it\/fr\/"},{"@type":"ListItem","position":2,"name":"Home"}]},{"@type":"WebSite","@id":"https:\/\/www.hotelgalleria.it\/#website","url":"https:\/\/www.hotelgalleria.it\/","name":"Hotel Galleria","description":"","publisher":{"@id":"https:\/\/www.hotelgalleria.it\/#organization"},"potentialAction":[{"@type":"SearchAction","target":{"@type":"EntryPoint","urlTemplate":"https:\/\/www.hotelgalleria.it\/?s={search_term_string}"},"query-input":"required name=search_term_string"}],"inLanguage":"fr-FR"},{"@type":"Organization","@id":"https:\/\/www.hotelgalleria.it\/#organization","name":"Hotel Galleria","url":"https:\/\/www.hotelgalleria.it\/","logo":{"@type":"ImageObject","inLanguage":"fr-FR","@id":"https:\/\/www.hotelgalleria.it\/#\/schema\/logo\/image\/","url":"https:\/\/www.hotelgalleria.it\/wp-content\/uploads\/2016\/04\/Logo.jpg","contentUrl":"https:\/\/www.hotelgalleria.it\/wp-content\/uploads\/2016\/04\/Logo.jpg","width":94,"height":95,"caption":"Hotel Galleria"},"image":{"@id":"https:\/\/www.hotelgalleria.it\/#\/schema\/logo\/image\/"},"sameAs":["https:\/\/www.facebook.com\/HotelGalleriaVenice","https:\/\/www.instagram.com\/hotelgalleriavenice\/"]}]}},"_links":{"self":[{"href":"https:\/\/www.hotelgalleria.it\/fr\/wp-json\/wp\/v2\/pages\/40"}],"collection":[{"href":"https:\/\/www.hotelgalleria.it\/fr\/wp-json\/wp\/v2\/pages"}],"about":[{"href":"https:\/\/www.hotelgalleria.it\/fr\/wp-json\/wp\/v2\/types\/page"}],"author":[{"embeddable":true,"href":"https:\/\/www.hotelgalleria.it\/fr\/wp-json\/wp\/v2\/users\/1"}],"replies":[{"embeddable":true,"href":"https:\/\/www.hotelgalleria.it\/fr\/wp-json\/wp\/v2\/comments?post=40"}],"version-history":[{"count":41,"href":"https:\/\/www.hotelgalleria.it\/fr\/wp-json\/wp\/v2\/pages\/40\/revisions"}],"predecessor-version":[{"id":1249,"href":"https:\/\/www.hotelgalleria.it\/fr\/wp-json\/wp\/v2\/pages\/40\/revisions\/1249"}],"wp:attachment":[{"href":"https:\/\/www.hotelgalleria.it\/fr\/wp-json\/wp\/v2\/media?parent=40"}],"curies":[{"name":"wp","href":"https:\/\/api.w.org\/{rel}","templated":true}]}}