{"id":114,"date":"2016-04-27T16:54:37","date_gmt":"2016-04-27T14:54:37","guid":{"rendered":"http:\/\/www.hotelgalleria.it\/fr\/venice\/"},"modified":"2024-05-14T10:32:57","modified_gmt":"2024-05-14T08:32:57","slug":"visiter-venise","status":"publish","type":"page","link":"https:\/\/www.hotelgalleria.it\/fr\/visiter-venise\/","title":{"rendered":"Venise"},"content":{"rendered":"<div class=\"container\" style=\"width:1220px\">\n[spb_text_block pb_margin_bottom=\u00a0\u00bbno\u00a0\u00bb pb_border_bottom=\u00a0\u00bbno\u00a0\u00bb width=\u00a0\u00bb2\/3&Prime; el_position=\u00a0\u00bbfirst\u00a0\u00bb]\n<div id=\"bodycontainer\">\n<div id=\"corpo\">\n<h2>Visiter Venise en partant de l&rsquo;H\u00f4tel Galleria<\/h2>\n<p>Venise est une ville riche de belles choses \u00e0 admirer, de mus\u00e9es \u00e0 visiter, de lieux historiques \u00e0 vivre pour l&rsquo;\u00e9motion que la ville r\u00e9ussit \u00e0 transmettre aux visiteurs. C&rsquo;est une ville quidonne des \u00e9motions rien qu&rsquo;en se promenant dans ses rues. Il serait donc impossible de donner un guide au voyageur, qui pourra choisir son itin\u00e9raire selon sa propre volont\u00e9.<\/p>\n<p>Toutefois nous avons pens\u00e9 donner \u00e0 nos h\u00f4tes de brefs conseils pour d\u00e9couvrir la ville en ayant comme point de d\u00e9part notre h\u00f4tel qui peut \u00eatre consid\u00e9r\u00e9 au c\u0153ur de la ville.<\/p>\n<\/div>\n<\/div>\n<p><img loading=\"lazy\" decoding=\"async\" class=\"aligncenter wp-image-121\" src=\"http:\/\/www.hotelgalleria.it\/wp-content\/uploads\/2016\/04\/Mappa-300x176.png\" alt=\"Mappa\" width=\"900\" height=\"528\" srcset=\"https:\/\/www.hotelgalleria.it\/wp-content\/uploads\/2016\/04\/Mappa-300x176.png 300w, https:\/\/www.hotelgalleria.it\/wp-content\/uploads\/2016\/04\/Mappa-768x450.png 768w, https:\/\/www.hotelgalleria.it\/wp-content\/uploads\/2016\/04\/Mappa-1024x601.png 1024w, https:\/\/www.hotelgalleria.it\/wp-content\/uploads\/2016\/04\/Mappa-1280x751.png 1280w, https:\/\/www.hotelgalleria.it\/wp-content\/uploads\/2016\/04\/Mappa.png 2000w\" sizes=\"(max-width: 900px) 100vw, 900px\" \/><\/p>\n[\/spb_text_block] [boxed_content type=\u00a0\u00bbcoloured\u00a0\u00bb custom_bg_colour=\u00a0\u00bb#424242&Prime; pb_margin_bottom=\u00a0\u00bbno\u00a0\u00bb width=\u00a0\u00bb1\/3&Prime; el_position=\u00a0\u00bblast\u00a0\u00bb]\n<p><script type=\"text\/javascript\" src=\"https:\/\/secure.bookingevolution.com\/be2secure\/widgets\/be2\/tsmbe2.js\"><span style=\"display: inline-block; width: 0px; overflow: hidden; line-height: 0;\" data-mce-type=\"bookmark\" class=\"mce_SELRES_start\">\ufeff<\/span><\/script><\/p>\n<div id=\"bookingevolution-tsmbe\" data-css2=\"http:\/\/\/www.hotelgalleria.it\/wp-content\/themes\/neighborhood-child\/style.css\" data-hotel=\"galleria\" data-lang=\"fr\" data-promocode=\"1\" data-mode=\"compact\"><\/div>\n<div style=\"text-align: center;\">-10% sur les r\u00e9servations directes!<\/div>\n[\/boxed_content] [blank_spacer height=\u00a0\u00bb30px\u00a0\u00bb width=\u00a0\u00bb1\/1&Prime; el_position=\u00a0\u00bbfirst last\u00a0\u00bb] [boxed_content title=\u00a0\u00bbACCADEMIA\u00a0\u00bb type=\u00a0\u00bbcoloured\u00a0\u00bb custom_bg_colour=\u00a0\u00bb#DADADA\u00a0\u00bb custom_text_colour=\u00a0\u00bb#020000&Prime; pb_margin_bottom=\u00a0\u00bbno\u00a0\u00bb width=\u00a0\u00bb1\/3&Prime; el_position=\u00a0\u00bbfirst\u00a0\u00bb]\n<p><img loading=\"lazy\" decoding=\"async\" class=\"aligncenter wp-image-420 size-medium\" src=\"http:\/\/www.hotelgalleria.it\/wp-content\/uploads\/2016\/04\/Ponte-Accademia-300x199.jpg\" alt=\"Ponte Accademia\" width=\"300\" height=\"199\" srcset=\"https:\/\/www.hotelgalleria.it\/wp-content\/uploads\/2016\/04\/Ponte-Accademia-300x199.jpg 300w, https:\/\/www.hotelgalleria.it\/wp-content\/uploads\/2016\/04\/Ponte-Accademia-768x509.jpg 768w, https:\/\/www.hotelgalleria.it\/wp-content\/uploads\/2016\/04\/Ponte-Accademia-1024x678.jpg 1024w, https:\/\/www.hotelgalleria.it\/wp-content\/uploads\/2016\/04\/Ponte-Accademia-1280x848.jpg 1280w\" sizes=\"(max-width: 300px) 100vw, 300px\" \/><\/p>\n<p>En sortant de notre h\u00f4tel vous rencontrerez imm\u00e9diatement la splendide pinacoth\u00e8que de l&rsquo;Accademia mais, si vous aimez l&rsquo;artmoderne, \u00e0 5 minutes \u00e0 pieds vous aurez la possibilit\u00e9 de visiter le Guggengheim Museum.<\/p>\n<p>En continuant vers la pointe extr\u00eame de cette partie de Venise vous pourrez admirer l&rsquo;\u00e9glise de la Salute construite par les v\u00e9nitiens contre la peste.<\/p>\n<p>De l\u00e0 vous arriverez au Fondamenta Zattere qui vous offrira une vue sur le Canal de la Giudecca. En traversant le canal avec la typique \u00ab\u00a0palanca\u00a0\u00bb, service de navette entre les deux rives du canal, vous vous retrouverez dans un des dernier lieux intemporels de Venise. Peut \u00eatre avec un biscuit et un caf\u00e9 \u00e0 l&rsquo;Harry&rsquo;s Dolci.<\/p>\n<p>&nbsp;<\/p>\n[\/boxed_content] [boxed_content title=\u00a0\u00bbSAN MARCO\u00a0\u00bb type=\u00a0\u00bbcoloured\u00a0\u00bb custom_bg_colour=\u00a0\u00bb#DADADA\u00a0\u00bb custom_text_colour=\u00a0\u00bb#020000&Prime; pb_margin_bottom=\u00a0\u00bbno\u00a0\u00bb width=\u00a0\u00bb1\/3&Prime;]\n<p><img loading=\"lazy\" decoding=\"async\" class=\"aligncenter wp-image-421 size-medium\" src=\"http:\/\/www.hotelgalleria.it\/wp-content\/uploads\/2016\/04\/Piazza-San-Marco-300x199.jpg\" alt=\"Piazza San Marco\" width=\"300\" height=\"199\" srcset=\"https:\/\/www.hotelgalleria.it\/wp-content\/uploads\/2016\/04\/Piazza-San-Marco-300x199.jpg 300w, https:\/\/www.hotelgalleria.it\/wp-content\/uploads\/2016\/04\/Piazza-San-Marco-768x510.jpg 768w, https:\/\/www.hotelgalleria.it\/wp-content\/uploads\/2016\/04\/Piazza-San-Marco-1024x680.jpg 1024w, https:\/\/www.hotelgalleria.it\/wp-content\/uploads\/2016\/04\/Piazza-San-Marco-1280x850.jpg 1280w\" sizes=\"(max-width: 300px) 100vw, 300px\" \/><\/p>\n<p>A 7 minutes \u00e0 pieds de notre h\u00f4tel vous trouverez la place S. Marco qui vous \u00e9tonnera par sa beaut\u00e9. En dessous des \u00ab\u00a0portici\u00a0\u00bb se trouvent les caf\u00e9s historiques de Venise, devant la splendide basilique avec ses mosa\u00efques byzantines.<\/p>\n<p>En un regard la Tour de l&rsquo;Horloge et les plus de cent m\u00e8tres du Campanile se trouveront devant vous. En marchant vers la lagune le Palazzo Ducale, r\u00e9sidence des doges et c\u0153ur administratif de la r\u00e9publique v\u00e9nitienne vous attend. En allant vers le pont des Soupirs qui menait les prisonniers vers la prison des Plombs le paysage s&rsquo;est transform\u00e9 en un passage romantique pour les gondoles.<\/p>\n<p>&nbsp;<\/p>\n[\/boxed_content] [boxed_content title=\u00a0\u00bbRIALTO\u00a0\u00bb type=\u00a0\u00bbcoloured\u00a0\u00bb custom_bg_colour=\u00a0\u00bb#DADADA\u00a0\u00bb custom_text_colour=\u00a0\u00bb#020000&Prime; pb_margin_bottom=\u00a0\u00bbno\u00a0\u00bb width=\u00a0\u00bb1\/3&Prime; el_position=\u00a0\u00bblast\u00a0\u00bb]\n<p><img loading=\"lazy\" decoding=\"async\" class=\"aligncenter wp-image-422 size-medium\" src=\"http:\/\/www.hotelgalleria.it\/wp-content\/uploads\/2016\/04\/Ponte-Rialto-300x199.jpg\" alt=\"Ponte Rialto\" width=\"300\" height=\"199\" srcset=\"https:\/\/www.hotelgalleria.it\/wp-content\/uploads\/2016\/04\/Ponte-Rialto-300x199.jpg 300w, https:\/\/www.hotelgalleria.it\/wp-content\/uploads\/2016\/04\/Ponte-Rialto-768x509.jpg 768w, https:\/\/www.hotelgalleria.it\/wp-content\/uploads\/2016\/04\/Ponte-Rialto-1024x678.jpg 1024w, https:\/\/www.hotelgalleria.it\/wp-content\/uploads\/2016\/04\/Ponte-Rialto.jpg 1200w\" sizes=\"(max-width: 300px) 100vw, 300px\" \/>Dans la partie la plus antique de Venise vous admirerez le pont du Rialto. D&rsquo;ici vous pourrez continuer \u00e0 travers le vrai centre \u00e9conomique de la ville en marchant devant le th\u00e9\u00e2tre Goldoni ou Campo S. Maria Formosa pour arriver \u00e0 la place S. Marco.<\/p>\n<p>En continuant dans la direction de la gare vous traverserez la zone de Strada Nuova o\u00f9 vous trouverez la voie la plus large de toute la ville. Dans la m\u00eame zone vous pourrez admirer l&rsquo;\u00e9glise des Miracoli, Campo S. Giovanni et Paolo et vous trouverez une des zones les moins pratiqu\u00e9es par les touristes, comme \u00e7a vous trouverez la Venise des v\u00e9nitiens.<\/p>\n[\/boxed_content] [blank_spacer height=\u00a0\u00bb30px\u00a0\u00bb width=\u00a0\u00bb1\/1&Prime; el_position=\u00a0\u00bbfirst last\u00a0\u00bb]\n<\/p><\/div>\n","protected":false},"excerpt":{"rendered":"<p>[spb_text_block pb_margin_bottom=\u00a0\u00bbno\u00a0\u00bb pb_border_bottom=\u00a0\u00bbno\u00a0\u00bb width=\u00a0\u00bb2\/3&Prime; el_position=\u00a0\u00bbfirst\u00a0\u00bb] Visiter Venise en partant de l&rsquo;H\u00f4tel Galleria Venise est une ville riche de belles choses \u00e0 admirer, de mus\u00e9es \u00e0 visiter, de lieux historiques \u00e0 vivre pour l&rsquo;\u00e9motion que la ville r\u00e9ussit \u00e0 transmettre aux visiteurs. C&rsquo;est une ville quidonne des \u00e9motions rien qu&rsquo;en se promenant dans ses rues. Il serait donc impossible de donner [&hellip;]<\/p>\n","protected":false},"author":1,"featured_media":0,"parent":0,"menu_order":0,"comment_status":"closed","ping_status":"closed","template":"","meta":{"footnotes":""},"yoast_head":"<!-- This site is optimized with the Yoast SEO plugin v22.4 - https:\/\/yoast.com\/wordpress\/plugins\/seo\/ -->\n<title>Visiter Venise &gt; H\u00f4tel Galleria \u00e0 Venise<\/title>\n<meta name=\"description\" content=\"Visiter Venise de l&#039;H\u00f4tel Galleria. Visiter la ville en partant de notre h\u00f4tel, qui peut bien \u00eatre consid\u00e9r\u00e9 au c\u0153ur de la ville.\" \/>\n<meta name=\"robots\" content=\"index, follow, max-snippet:-1, max-image-preview:large, max-video-preview:-1\" \/>\n<link rel=\"canonical\" href=\"https:\/\/www.hotelgalleria.it\/fr\/visiter-venise\/\" \/>\n<meta property=\"og:locale\" content=\"fr_FR\" \/>\n<meta property=\"og:type\" content=\"article\" \/>\n<meta property=\"og:title\" content=\"Visiter Venise &gt; H\u00f4tel Galleria \u00e0 Venise\" \/>\n<meta property=\"og:description\" content=\"Visiter Venise de l&#039;H\u00f4tel Galleria. Visiter la ville en partant de notre h\u00f4tel, qui peut bien \u00eatre consid\u00e9r\u00e9 au c\u0153ur de la ville.\" \/>\n<meta property=\"og:url\" content=\"https:\/\/www.hotelgalleria.it\/fr\/visiter-venise\/\" \/>\n<meta property=\"og:site_name\" content=\"Hotel Galleria\" \/>\n<meta property=\"article:publisher\" content=\"https:\/\/www.facebook.com\/HotelGalleriaVenice\" \/>\n<meta property=\"article:modified_time\" content=\"2024-05-14T08:32:57+00:00\" \/>\n<meta property=\"og:image\" content=\"http:\/\/www.hotelgalleria.it\/wp-content\/uploads\/2016\/04\/Mappa-300x176.png\" \/>\n<meta name=\"twitter:card\" content=\"summary_large_image\" \/>\n<meta name=\"twitter:label1\" content=\"Dur\u00e9e de lecture estim\u00e9e\" \/>\n\t<meta name=\"twitter:data1\" content=\"3 minutes\" \/>\n<script type=\"application\/ld+json\" class=\"yoast-schema-graph\">{\"@context\":\"https:\/\/schema.org\",\"@graph\":[{\"@type\":\"WebPage\",\"@id\":\"https:\/\/www.hotelgalleria.it\/fr\/visiter-venise\/\",\"url\":\"https:\/\/www.hotelgalleria.it\/fr\/visiter-venise\/\",\"name\":\"Visiter Venise > H\u00f4tel Galleria \u00e0 Venise\",\"isPartOf\":{\"@id\":\"https:\/\/www.hotelgalleria.it\/#website\"},\"primaryImageOfPage\":{\"@id\":\"https:\/\/www.hotelgalleria.it\/fr\/visiter-venise\/#primaryimage\"},\"image\":{\"@id\":\"https:\/\/www.hotelgalleria.it\/fr\/visiter-venise\/#primaryimage\"},\"thumbnailUrl\":\"http:\/\/www.hotelgalleria.it\/wp-content\/uploads\/2016\/04\/Mappa-300x176.png\",\"datePublished\":\"2016-04-27T14:54:37+00:00\",\"dateModified\":\"2024-05-14T08:32:57+00:00\",\"description\":\"Visiter Venise de l'H\u00f4tel Galleria. Visiter la ville en partant de notre h\u00f4tel, qui peut bien \u00eatre consid\u00e9r\u00e9 au c\u0153ur de la ville.\",\"breadcrumb\":{\"@id\":\"https:\/\/www.hotelgalleria.it\/fr\/visiter-venise\/#breadcrumb\"},\"inLanguage\":\"fr-FR\",\"potentialAction\":[{\"@type\":\"ReadAction\",\"target\":[\"https:\/\/www.hotelgalleria.it\/fr\/visiter-venise\/\"]}]},{\"@type\":\"ImageObject\",\"inLanguage\":\"fr-FR\",\"@id\":\"https:\/\/www.hotelgalleria.it\/fr\/visiter-venise\/#primaryimage\",\"url\":\"http:\/\/www.hotelgalleria.it\/wp-content\/uploads\/2016\/04\/Mappa-300x176.png\",\"contentUrl\":\"http:\/\/www.hotelgalleria.it\/wp-content\/uploads\/2016\/04\/Mappa-300x176.png\"},{\"@type\":\"BreadcrumbList\",\"@id\":\"https:\/\/www.hotelgalleria.it\/fr\/visiter-venise\/#breadcrumb\",\"itemListElement\":[{\"@type\":\"ListItem\",\"position\":1,\"name\":\"Home\",\"item\":\"https:\/\/www.hotelgalleria.it\/fr\/\"},{\"@type\":\"ListItem\",\"position\":2,\"name\":\"Venise\"}]},{\"@type\":\"WebSite\",\"@id\":\"https:\/\/www.hotelgalleria.it\/#website\",\"url\":\"https:\/\/www.hotelgalleria.it\/\",\"name\":\"Hotel Galleria\",\"description\":\"\",\"publisher\":{\"@id\":\"https:\/\/www.hotelgalleria.it\/#organization\"},\"potentialAction\":[{\"@type\":\"SearchAction\",\"target\":{\"@type\":\"EntryPoint\",\"urlTemplate\":\"https:\/\/www.hotelgalleria.it\/?s={search_term_string}\"},\"query-input\":\"required name=search_term_string\"}],\"inLanguage\":\"fr-FR\"},{\"@type\":\"Organization\",\"@id\":\"https:\/\/www.hotelgalleria.it\/#organization\",\"name\":\"Hotel Galleria\",\"url\":\"https:\/\/www.hotelgalleria.it\/\",\"logo\":{\"@type\":\"ImageObject\",\"inLanguage\":\"fr-FR\",\"@id\":\"https:\/\/www.hotelgalleria.it\/#\/schema\/logo\/image\/\",\"url\":\"https:\/\/www.hotelgalleria.it\/wp-content\/uploads\/2016\/04\/Logo.jpg\",\"contentUrl\":\"https:\/\/www.hotelgalleria.it\/wp-content\/uploads\/2016\/04\/Logo.jpg\",\"width\":94,\"height\":95,\"caption\":\"Hotel Galleria\"},\"image\":{\"@id\":\"https:\/\/www.hotelgalleria.it\/#\/schema\/logo\/image\/\"},\"sameAs\":[\"https:\/\/www.facebook.com\/HotelGalleriaVenice\",\"https:\/\/www.instagram.com\/hotelgalleriavenice\/\"]}]}<\/script>\n<!-- \/ Yoast SEO plugin. -->","yoast_head_json":{"title":"Visiter Venise > H\u00f4tel Galleria \u00e0 Venise","description":"Visiter Venise de l'H\u00f4tel Galleria. Visiter la ville en partant de notre h\u00f4tel, qui peut bien \u00eatre consid\u00e9r\u00e9 au c\u0153ur de la ville.","robots":{"index":"index","follow":"follow","max-snippet":"max-snippet:-1","max-image-preview":"max-image-preview:large","max-video-preview":"max-video-preview:-1"},"canonical":"https:\/\/www.hotelgalleria.it\/fr\/visiter-venise\/","og_locale":"fr_FR","og_type":"article","og_title":"Visiter Venise > H\u00f4tel Galleria \u00e0 Venise","og_description":"Visiter Venise de l'H\u00f4tel Galleria. Visiter la ville en partant de notre h\u00f4tel, qui peut bien \u00eatre consid\u00e9r\u00e9 au c\u0153ur de la ville.","og_url":"https:\/\/www.hotelgalleria.it\/fr\/visiter-venise\/","og_site_name":"Hotel Galleria","article_publisher":"https:\/\/www.facebook.com\/HotelGalleriaVenice","article_modified_time":"2024-05-14T08:32:57+00:00","og_image":[{"url":"http:\/\/www.hotelgalleria.it\/wp-content\/uploads\/2016\/04\/Mappa-300x176.png"}],"twitter_card":"summary_large_image","twitter_misc":{"Dur\u00e9e de lecture estim\u00e9e":"3 minutes"},"schema":{"@context":"https:\/\/schema.org","@graph":[{"@type":"WebPage","@id":"https:\/\/www.hotelgalleria.it\/fr\/visiter-venise\/","url":"https:\/\/www.hotelgalleria.it\/fr\/visiter-venise\/","name":"Visiter Venise > H\u00f4tel Galleria \u00e0 Venise","isPartOf":{"@id":"https:\/\/www.hotelgalleria.it\/#website"},"primaryImageOfPage":{"@id":"https:\/\/www.hotelgalleria.it\/fr\/visiter-venise\/#primaryimage"},"image":{"@id":"https:\/\/www.hotelgalleria.it\/fr\/visiter-venise\/#primaryimage"},"thumbnailUrl":"http:\/\/www.hotelgalleria.it\/wp-content\/uploads\/2016\/04\/Mappa-300x176.png","datePublished":"2016-04-27T14:54:37+00:00","dateModified":"2024-05-14T08:32:57+00:00","description":"Visiter Venise de l'H\u00f4tel Galleria. Visiter la ville en partant de notre h\u00f4tel, qui peut bien \u00eatre consid\u00e9r\u00e9 au c\u0153ur de la ville.","breadcrumb":{"@id":"https:\/\/www.hotelgalleria.it\/fr\/visiter-venise\/#breadcrumb"},"inLanguage":"fr-FR","potentialAction":[{"@type":"ReadAction","target":["https:\/\/www.hotelgalleria.it\/fr\/visiter-venise\/"]}]},{"@type":"ImageObject","inLanguage":"fr-FR","@id":"https:\/\/www.hotelgalleria.it\/fr\/visiter-venise\/#primaryimage","url":"http:\/\/www.hotelgalleria.it\/wp-content\/uploads\/2016\/04\/Mappa-300x176.png","contentUrl":"http:\/\/www.hotelgalleria.it\/wp-content\/uploads\/2016\/04\/Mappa-300x176.png"},{"@type":"BreadcrumbList","@id":"https:\/\/www.hotelgalleria.it\/fr\/visiter-venise\/#breadcrumb","itemListElement":[{"@type":"ListItem","position":1,"name":"Home","item":"https:\/\/www.hotelgalleria.it\/fr\/"},{"@type":"ListItem","position":2,"name":"Venise"}]},{"@type":"WebSite","@id":"https:\/\/www.hotelgalleria.it\/#website","url":"https:\/\/www.hotelgalleria.it\/","name":"Hotel Galleria","description":"","publisher":{"@id":"https:\/\/www.hotelgalleria.it\/#organization"},"potentialAction":[{"@type":"SearchAction","target":{"@type":"EntryPoint","urlTemplate":"https:\/\/www.hotelgalleria.it\/?s={search_term_string}"},"query-input":"required name=search_term_string"}],"inLanguage":"fr-FR"},{"@type":"Organization","@id":"https:\/\/www.hotelgalleria.it\/#organization","name":"Hotel Galleria","url":"https:\/\/www.hotelgalleria.it\/","logo":{"@type":"ImageObject","inLanguage":"fr-FR","@id":"https:\/\/www.hotelgalleria.it\/#\/schema\/logo\/image\/","url":"https:\/\/www.hotelgalleria.it\/wp-content\/uploads\/2016\/04\/Logo.jpg","contentUrl":"https:\/\/www.hotelgalleria.it\/wp-content\/uploads\/2016\/04\/Logo.jpg","width":94,"height":95,"caption":"Hotel Galleria"},"image":{"@id":"https:\/\/www.hotelgalleria.it\/#\/schema\/logo\/image\/"},"sameAs":["https:\/\/www.facebook.com\/HotelGalleriaVenice","https:\/\/www.instagram.com\/hotelgalleriavenice\/"]}]}},"_links":{"self":[{"href":"https:\/\/www.hotelgalleria.it\/fr\/wp-json\/wp\/v2\/pages\/114"}],"collection":[{"href":"https:\/\/www.hotelgalleria.it\/fr\/wp-json\/wp\/v2\/pages"}],"about":[{"href":"https:\/\/www.hotelgalleria.it\/fr\/wp-json\/wp\/v2\/types\/page"}],"author":[{"embeddable":true,"href":"https:\/\/www.hotelgalleria.it\/fr\/wp-json\/wp\/v2\/users\/1"}],"replies":[{"embeddable":true,"href":"https:\/\/www.hotelgalleria.it\/fr\/wp-json\/wp\/v2\/comments?post=114"}],"version-history":[{"count":8,"href":"https:\/\/www.hotelgalleria.it\/fr\/wp-json\/wp\/v2\/pages\/114\/revisions"}],"predecessor-version":[{"id":1266,"href":"https:\/\/www.hotelgalleria.it\/fr\/wp-json\/wp\/v2\/pages\/114\/revisions\/1266"}],"wp:attachment":[{"href":"https:\/\/www.hotelgalleria.it\/fr\/wp-json\/wp\/v2\/media?parent=114"}],"curies":[{"name":"wp","href":"https:\/\/api.w.org\/{rel}","templated":true}]}}